{"id":9326,"date":"2023-02-07T12:58:02","date_gmt":"2023-02-07T12:58:02","guid":{"rendered":"https:\/\/consilio.tijdelijkdomein.eu\/?page_id=9326"},"modified":"2026-04-02T14:53:40","modified_gmt":"2026-04-02T14:53:40","slug":"finanzen","status":"publish","type":"page","link":"https:\/\/www.consilio-tax-law.nl\/de\/financieel\/","title":{"rendered":"Finanzielle Planung"},"content":{"rendered":"<div class=\"et_pb_section_0 et_pb_section et_section_regular et_block_section\"><div class=\"et_pb_row_0 et_pb_row et_block_row\"><div class=\"et_pb_column_0 et_pb_column et_pb_column_1_2 et_block_column et_pb_css_mix_blend_mode_passthrough\"><div class=\"et_pb_image_0 et_pb_image et_pb_module et_block_module\"><span class=\"et_pb_image_wrap\"><img loading=\"lazy\" decoding=\"async\" src=\"https:\/\/www.consilio-tax-law.nl\/wp-content\/uploads\/2023\/02\/ConsilioMaastrichtdetails-23.jpg\" width=\"1200\" height=\"800\" srcset=\"https:\/\/www.consilio-tax-law.nl\/wp-content\/uploads\/2023\/02\/ConsilioMaastrichtdetails-23.jpg 1200w, https:\/\/www.consilio-tax-law.nl\/wp-content\/uploads\/2023\/02\/ConsilioMaastrichtdetails-23-980x653.jpg 980w, https:\/\/www.consilio-tax-law.nl\/wp-content\/uploads\/2023\/02\/ConsilioMaastrichtdetails-23-480x320.jpg 480w\" sizes=\"(min-width: 0px) and (max-width: 480px) 480px, (min-width: 481px) and (max-width: 980px) 980px, (min-width: 981px) 1200px, 100vw\" class=\"wp-image-9279\" title=\"Rat von Maastricht\" alt=\"Rat von Maastricht\" \/><\/span><\/div><\/div><div class=\"et_pb_column_1 et_pb_column et_pb_column_1_2 et-last-child et_block_column et_pb_css_mix_blend_mode_passthrough\"><div class=\"et_pb_text_0 et_pb_text et_pb_bg_layout_light et_pb_module et_block_module preset--module--divi-text--c50c2382-0e89-40ca-a61f-399f9a5dfedc\"><div class=\"et_pb_text_inner\"><h2>Consilio hilft Ihnen dabei <span style=\"color: #91785b;\">finanzielle Planung<\/span><\/h2>\n<p>Sie m\u00f6chten wissen, wie es Ihnen finanziell geht?<\/p>\n<\/div><\/div><div class=\"et_pb_text_1 et_pb_text et_pb_bg_layout_light et_pb_module et_block_module preset--module--divi-text--e31fff7c-2a3a-437c-aa57-4e4601b7f007\"><div class=\"et_pb_text_inner\"><p>Denken Sie immer noch dar\u00fcber nach, fr\u00fcher als Ihr aktuelles gesetzliches Rentenalter in den Ruhestand zu gehen, wissen aber nicht, ob dies m\u00f6glich ist? Wohnen Sie in Belgien und erhalten Sie bald eine Rente aus den Niederlanden oder umgekehrt, oder m\u00f6chten Sie wissen, wie hoch Ihr Nettoeinkommen sein wird, wenn Sie eine Stelle als Grenzg\u00e4nger annehmen?<\/p>\n<p>Bei diesen Fragen k\u00f6nnen Sie auf die Hilfe von Consilio Tax &amp; Law z\u00e4hlen. Gerne helfen wir Ihnen als Unternehmer oder Privatperson bei der Finanzplanung, damit Sie wichtige Entscheidungen in Ihrem Leben treffen k\u00f6nnen. Dies kann die Planung der Altersvorsorge, fr\u00fchere Pensionierung, Zusammenleben, Scheidung, Existenzgr\u00fcndung, grenz\u00fcberschreitende Erwerbst\u00e4tigkeit usw. betreffen.<\/p>\n<ul>\n<li>Finanzielle Planung<\/li>\n<li>Altersvorsorge \/ Altersvorsorge planen<\/li>\n<li>Unternehmensberatung<\/li>\n<li>Gesch\u00e4ftst\u00e4tigkeit in den Niederlanden \/ Belgien \/ Deutschland<\/li>\n<li>Finanzierungsberatung f\u00fcr KMU und Privatpersonen (auch grenz\u00fcberschreitend)<\/li>\n<li>Erbschaftsplanung \/ Nachlassplanung<\/li>\n<\/ul>\n<h3>Team<\/h3>\n<div class=\"et_pb_section_2 et_pb_section et_section_regular et_block_section preset--module--divi-section--1476f6dd-ee38-4f43-9af3-5c8dacddb493\">\n<div class=\"et_pb_row_1 et_pb_row et_flex_row\"><div data-loop-id=\"loop-6af4sbv7kn\" data-loop-index=\"0\" data-post-id=\"233\" data-term-id=\"0\" data-user-id=\"0\" class=\"et_pb_column_2 et_pb_column et_flex_column et_pb_css_mix_blend_mode_passthrough et_flex_column_24_24 et_flex_column_24_24_tablet et_flex_column_24_24_phone\" data-loop-item=\"0\">\n<div class=\"et_pb_image_1 et_pb_image et_pb_module et_flex_module preset--module--divi-image--qk34usk8ey\"><a href=\"https:\/\/www.consilio-tax-law.nl\/de\/team\/belinda-olislagers\/\"><span class=\"et_pb_image_wrap\"><img loading=\"lazy\" decoding=\"async\" src=\"https:\/\/www.consilio-tax-law.nl\/wp-content\/uploads\/2022\/10\/Belinda-800x1200-1-683x1024.webp\" alt=\"Belinda Fens\" title=\"Belinda Fens\" width=\"683\" height=\"1024\" srcset=\"https:\/\/www.consilio-tax-law.nl\/wp-content\/uploads\/2022\/10\/Belinda-800x1200-1-683x1024.webp 683w, https:\/\/www.consilio-tax-law.nl\/wp-content\/uploads\/2022\/10\/Belinda-800x1200-1-480x720.webp 480w\" sizes=\"(min-width: 0px) and (max-width: 480px) 480px, (min-width: 481px) 683px, 100vw\" class=\"wp-image-12342\" \/><\/span><\/a><\/div>\n<div class=\"et_pb_text_2 et_pb_text et_pb_bg_layout_light et_pb_module et_flex_module\"><div class=\"et_pb_text_inner\"><h3>Belinda Olislagers<\/h3>\n<\/div><\/div>\n<div class=\"et_pb_text_3 et_pb_text et_pb_bg_layout_light et_pb_module et_flex_module\"><div class=\"et_pb_text_inner\"><p>Tax advisor<\/p>\n<\/div><\/div>\n<\/div><div data-loop-id=\"loop-6af4sbv7kn\" data-loop-index=\"1\" data-post-id=\"242\" data-term-id=\"0\" data-user-id=\"0\" class=\"et_pb_column_3 et_pb_column et_flex_column et_pb_css_mix_blend_mode_passthrough et_flex_column_24_24 et_flex_column_24_24_tablet et_flex_column_24_24_phone\" data-loop-item=\"1\">\n<div class=\"et_pb_image_2 et_pb_image et_pb_module et_flex_module preset--module--divi-image--qk34usk8ey\"><a href=\"https:\/\/www.consilio-tax-law.nl\/de\/team\/marcel-coenen\/\"><span class=\"et_pb_image_wrap\"><img loading=\"lazy\" decoding=\"async\" src=\"https:\/\/www.consilio-tax-law.nl\/wp-content\/uploads\/2025\/04\/marcelcoenen800x1200-683x1024.webp\" title=\"marcelcoenen800x1200\" width=\"683\" height=\"1024\" srcset=\"https:\/\/www.consilio-tax-law.nl\/wp-content\/uploads\/2025\/04\/marcelcoenen800x1200-683x1024.webp 683w, https:\/\/www.consilio-tax-law.nl\/wp-content\/uploads\/2025\/04\/marcelcoenen800x1200-480x720.webp 480w\" sizes=\"(min-width: 0px) and (max-width: 480px) 480px, (min-width: 481px) 683px, 100vw\" class=\"wp-image-12611\" \/><\/span><\/a><\/div>\n<div class=\"et_pb_text_4 et_pb_text et_pb_bg_layout_light et_pb_module et_flex_module\"><div class=\"et_pb_text_inner\"><h3>Marcel Coenen<\/h3>\n<\/div><\/div>\n<div class=\"et_pb_text_5 et_pb_text et_pb_bg_layout_light et_pb_module et_flex_module\"><div class=\"et_pb_text_inner\"><p>Tax advisor<\/p>\n<\/div><\/div>\n<\/div><div data-loop-id=\"loop-6af4sbv7kn\" data-loop-index=\"2\" data-post-id=\"11488\" data-term-id=\"0\" data-user-id=\"0\" class=\"et_pb_column_4 et_pb_column et_flex_column et_pb_css_mix_blend_mode_passthrough et_flex_column_24_24 et_flex_column_24_24_tablet et_flex_column_24_24_phone\" data-loop-item=\"2\">\n<div class=\"et_pb_image_3 et_pb_image et_pb_module et_flex_module preset--module--divi-image--qk34usk8ey\"><a href=\"https:\/\/www.consilio-tax-law.nl\/de\/team\/iwan-vojacek\/\"><span class=\"et_pb_image_wrap\"><img loading=\"lazy\" decoding=\"async\" src=\"https:\/\/www.consilio-tax-law.nl\/wp-content\/uploads\/2023\/10\/iwan-vojacek-800x1200-1-683x1024.webp\" alt=\"Iwan Vojacek\" title=\"Iwan Vojacek\" width=\"683\" height=\"1024\" srcset=\"https:\/\/www.consilio-tax-law.nl\/wp-content\/uploads\/2023\/10\/iwan-vojacek-800x1200-1-683x1024.webp 683w, https:\/\/www.consilio-tax-law.nl\/wp-content\/uploads\/2023\/10\/iwan-vojacek-800x1200-1-480x720.webp 480w\" sizes=\"(min-width: 0px) and (max-width: 480px) 480px, (min-width: 481px) 683px, 100vw\" class=\"wp-image-12345\" \/><\/span><\/a><\/div>\n<div class=\"et_pb_text_6 et_pb_text et_pb_bg_layout_light et_pb_module et_flex_module\"><div class=\"et_pb_text_inner\"><h3>Iwan Vojacek<\/h3>\n<\/div><\/div>\n<div class=\"et_pb_text_7 et_pb_text et_pb_bg_layout_light et_pb_module et_flex_module\"><div class=\"et_pb_text_inner\"><p>Legal Counsel - Mediator<\/p>\n<\/div><\/div>\n<\/div><div data-loop-id=\"loop-6af4sbv7kn\" data-loop-index=\"3\" data-post-id=\"12246\" data-term-id=\"0\" data-user-id=\"0\" class=\"et_pb_column_5 et_pb_column et_flex_column et_pb_css_mix_blend_mode_passthrough et_flex_column_24_24 et_flex_column_24_24_tablet et_flex_column_24_24_phone\" data-loop-item=\"3\">\n<div class=\"et_pb_image_4 et_pb_image et_pb_module et_flex_module preset--module--divi-image--qk34usk8ey\"><a href=\"https:\/\/www.consilio-tax-law.nl\/de\/team\/roger-vrencken\/\"><span class=\"et_pb_image_wrap\"><img loading=\"lazy\" decoding=\"async\" src=\"https:\/\/www.consilio-tax-law.nl\/wp-content\/uploads\/2025\/04\/rogervrencken800x1200-683x1024.webp\" title=\"rogervrencken800x1200\" width=\"683\" height=\"1024\" srcset=\"https:\/\/www.consilio-tax-law.nl\/wp-content\/uploads\/2025\/04\/rogervrencken800x1200-683x1024.webp 683w, https:\/\/www.consilio-tax-law.nl\/wp-content\/uploads\/2025\/04\/rogervrencken800x1200-480x720.webp 480w\" sizes=\"(min-width: 0px) and (max-width: 480px) 480px, (min-width: 481px) 683px, 100vw\" class=\"wp-image-12607\" \/><\/span><\/a><\/div>\n<div class=\"et_pb_text_8 et_pb_text et_pb_bg_layout_light et_pb_module et_flex_module\"><div class=\"et_pb_text_inner\"><h3>Roger Vrencken<\/h3>\n<\/div><\/div>\n<div class=\"et_pb_text_9 et_pb_text et_pb_bg_layout_light et_pb_module et_flex_module\"><div class=\"et_pb_text_inner\"><p>Senior Financial employee<\/p>\n<\/div><\/div>\n<\/div><div data-loop-id=\"loop-6af4sbv7kn\" data-loop-index=\"4\" data-post-id=\"12245\" data-term-id=\"0\" data-user-id=\"0\" class=\"et_pb_column_6 et_pb_column et_flex_column et_pb_css_mix_blend_mode_passthrough et_flex_column_24_24 et_flex_column_24_24_tablet et_flex_column_24_24_phone\" data-loop-item=\"4\">\n<div class=\"et_pb_image_5 et_pb_image et_pb_module et_flex_module preset--module--divi-image--qk34usk8ey\"><a href=\"https:\/\/www.consilio-tax-law.nl\/de\/team\/roel-dols\/\"><span class=\"et_pb_image_wrap\"><img loading=\"lazy\" decoding=\"async\" src=\"https:\/\/www.consilio-tax-law.nl\/wp-content\/uploads\/2025\/04\/roeldols800x1200-683x1024.webp\" title=\"roeldols800x1200\" width=\"683\" height=\"1024\" srcset=\"https:\/\/www.consilio-tax-law.nl\/wp-content\/uploads\/2025\/04\/roeldols800x1200-683x1024.webp 683w, https:\/\/www.consilio-tax-law.nl\/wp-content\/uploads\/2025\/04\/roeldols800x1200-480x720.webp 480w\" sizes=\"(min-width: 0px) and (max-width: 480px) 480px, (min-width: 481px) 683px, 100vw\" class=\"wp-image-12610\" \/><\/span><\/a><\/div>\n<div class=\"et_pb_text_10 et_pb_text et_pb_bg_layout_light et_pb_module et_flex_module\"><div class=\"et_pb_text_inner\"><h3>Roel Dols<\/h3>\n<\/div><\/div>\n<div class=\"et_pb_text_11 et_pb_text et_pb_bg_layout_light et_pb_module et_flex_module\"><div class=\"et_pb_text_inner\"><p>Senior Financial employee<\/p>\n<\/div><\/div>\n<\/div><div data-loop-id=\"loop-6af4sbv7kn\" data-loop-index=\"5\" data-post-id=\"12241\" data-term-id=\"0\" data-user-id=\"0\" class=\"et_pb_column_7 et_pb_column et_flex_column et_pb_css_mix_blend_mode_passthrough et_flex_column_24_24 et_flex_column_24_24_tablet et_flex_column_24_24_phone\" data-loop-item=\"5\">\n<div class=\"et_pb_image_6 et_pb_image et_pb_module et_flex_module preset--module--divi-image--qk34usk8ey\"><a href=\"https:\/\/www.consilio-tax-law.nl\/de\/team\/jan-purnot\/\"><span class=\"et_pb_image_wrap\"><img loading=\"lazy\" decoding=\"async\" src=\"https:\/\/www.consilio-tax-law.nl\/wp-content\/uploads\/2025\/04\/Jan-bewerkt-683x1024.jpeg\" title=\"Jan bewerkt\" width=\"683\" height=\"1024\" srcset=\"https:\/\/www.consilio-tax-law.nl\/wp-content\/uploads\/2025\/04\/Jan-bewerkt-683x1024.jpeg 683w, https:\/\/www.consilio-tax-law.nl\/wp-content\/uploads\/2025\/04\/Jan-bewerkt-480x720.jpeg 480w\" sizes=\"(min-width: 0px) and (max-width: 480px) 480px, (min-width: 481px) 683px, 100vw\" class=\"wp-image-12648\" \/><\/span><\/a><\/div>\n<div class=\"et_pb_text_12 et_pb_text et_pb_bg_layout_light et_pb_module et_flex_module\"><div class=\"et_pb_text_inner\"><h3>Jan Purnot<\/h3>\n<\/div><\/div>\n<div class=\"et_pb_text_13 et_pb_text et_pb_bg_layout_light et_pb_module et_flex_module\"><div class=\"et_pb_text_inner\"><p>Financial employee<\/p>\n<\/div><\/div>\n<\/div><div data-loop-id=\"loop-6af4sbv7kn\" data-loop-index=\"6\" data-post-id=\"12483\" data-term-id=\"0\" data-user-id=\"0\" class=\"et_pb_column_8 et_pb_column et_flex_column et_pb_css_mix_blend_mode_passthrough et_flex_column_24_24 et_flex_column_24_24_tablet et_flex_column_24_24_phone\" data-loop-item=\"6\">\n<div class=\"et_pb_image_7 et_pb_image et_pb_module et_flex_module preset--module--divi-image--qk34usk8ey\"><a href=\"https:\/\/www.consilio-tax-law.nl\/de\/team\/patrick-castermans\/\"><span class=\"et_pb_image_wrap\"><img loading=\"lazy\" decoding=\"async\" src=\"https:\/\/www.consilio-tax-law.nl\/wp-content\/uploads\/2025\/04\/patrickcastermans800x1200-683x1024.webp\" title=\"patrickcastermans800x1200\" width=\"683\" height=\"1024\" srcset=\"https:\/\/www.consilio-tax-law.nl\/wp-content\/uploads\/2025\/04\/patrickcastermans800x1200-683x1024.webp 683w, https:\/\/www.consilio-tax-law.nl\/wp-content\/uploads\/2025\/04\/patrickcastermans800x1200-480x720.webp 480w\" sizes=\"(min-width: 0px) and (max-width: 480px) 480px, (min-width: 481px) 683px, 100vw\" class=\"wp-image-12608\" \/><\/span><\/a><\/div>\n<div class=\"et_pb_text_14 et_pb_text et_pb_bg_layout_light et_pb_module et_flex_module\"><div class=\"et_pb_text_inner\"><h3>Patrick Castermans<\/h3>\n<\/div><\/div>\n<div class=\"et_pb_text_15 et_pb_text et_pb_bg_layout_light et_pb_module et_flex_module\"><div class=\"et_pb_text_inner\"><p>Financial employee<\/p>\n<\/div><\/div>\n<\/div><div data-loop-id=\"loop-6af4sbv7kn\" data-loop-index=\"7\" data-post-id=\"12238\" data-term-id=\"0\" data-user-id=\"0\" class=\"et_pb_column_9 et_pb_column et-last-child et_flex_column et_pb_css_mix_blend_mode_passthrough et_flex_column_24_24 et_flex_column_24_24_tablet et_flex_column_24_24_phone\" data-loop-item=\"7\">\n<div class=\"et_pb_image_8 et_pb_image et_pb_module et_flex_module preset--module--divi-image--qk34usk8ey\"><a href=\"https:\/\/www.consilio-tax-law.nl\/de\/team\/renee-bouvrie\/\"><span class=\"et_pb_image_wrap\"><img loading=\"lazy\" decoding=\"async\" src=\"https:\/\/www.consilio-tax-law.nl\/wp-content\/uploads\/2025\/07\/foto-renee-1-e1751629224511-683x1024.webp\" title=\"foto-renee-1-e1751629224511\" width=\"683\" height=\"1024\" srcset=\"https:\/\/www.consilio-tax-law.nl\/wp-content\/uploads\/2025\/07\/foto-renee-1-e1751629224511-683x1024.webp 683w, https:\/\/www.consilio-tax-law.nl\/wp-content\/uploads\/2025\/07\/foto-renee-1-e1751629224511-480x720.webp 480w\" sizes=\"(min-width: 0px) and (max-width: 480px) 480px, (min-width: 481px) 683px, 100vw\" class=\"wp-image-13098\" \/><\/span><\/a><\/div>\n<div class=\"et_pb_text_16 et_pb_text et_pb_bg_layout_light et_pb_module et_flex_module\"><div class=\"et_pb_text_inner\"><h3>Renee Bouvrie<\/h3>\n<\/div><\/div>\n<div class=\"et_pb_text_17 et_pb_text et_pb_bg_layout_light et_pb_module et_flex_module\"><div class=\"et_pb_text_inner\"><p>Independent financial consultant<\/p>\n<\/div><\/div>\n<\/div><\/div>\n<\/div>\n<\/div><\/div><div class=\"et_pb_module et_pb_button_module_wrapper et_pb_button_0_wrapper preset--module--divi-button--fef65969-5cf4-4682-8fea-c0847b803d01_wrapper\"><a class=\"et_pb_button_0 et_pb_button et_pb_bg_layout_light et_pb_module et_block_module preset--module--divi-button--fef65969-5cf4-4682-8fea-c0847b803d01\" href=\"\/de\/kontakt\/\">Ich w\u00fcrde gerne mehr wissen<\/a><\/div><\/div><\/div><\/div>","protected":false},"excerpt":{"rendered":"<p>Finanzdienstleistungen<\/p>","protected":false},"author":1,"featured_media":9599,"parent":0,"menu_order":0,"comment_status":"closed","ping_status":"closed","template":"","meta":{"_acf_changed":false,"_et_pb_use_builder":"on","_et_pb_old_content":"","_et_gb_content_width":"","footnotes":""},"dipi_cpt_category":[],"class_list":["post-9326","page","type-page","status-publish","has-post-thumbnail","hentry"],"acf":[],"yoast_head":"<!-- This site is optimized with the Yoast SEO plugin v27.3 - https:\/\/yoast.com\/product\/yoast-seo-wordpress\/ -->\n<title>Financi\u00eble planning - Consilio Tax &amp; Law<\/title>\n<meta name=\"robots\" content=\"index, follow, max-snippet:-1, max-image-preview:large, max-video-preview:-1\" \/>\n<link rel=\"canonical\" href=\"https:\/\/www.consilio-tax-law.nl\/de\/finanzen\/\" \/>\n<meta property=\"og:locale\" content=\"de_DE\" \/>\n<meta property=\"og:type\" content=\"article\" \/>\n<meta property=\"og:title\" content=\"Financi\u00eble planning - Consilio Tax &amp; Law\" \/>\n<meta property=\"og:description\" content=\"Financi\u00eble dienstverlening\" \/>\n<meta property=\"og:url\" content=\"https:\/\/www.consilio-tax-law.nl\/de\/wp-json\/wp\/v2\/pages\/9326\" \/>\n<meta property=\"og:site_name\" content=\"Consilio Tax &amp; Law\" \/>\n<meta property=\"article:publisher\" content=\"https:\/\/www.facebook.com\/consiliotaxandlaw\/\" \/>\n<meta property=\"article:modified_time\" content=\"2026-04-02T14:53:40+00:00\" \/>\n<meta property=\"og:image\" content=\"https:\/\/www.consilio-tax-law.nl\/wp-content\/uploads\/2023\/02\/ConsilioMaastrichtdetails-1.jpg\" \/>\n\t<meta property=\"og:image:width\" content=\"1200\" \/>\n\t<meta property=\"og:image:height\" content=\"800\" \/>\n\t<meta property=\"og:image:type\" content=\"image\/jpeg\" \/>\n<meta name=\"twitter:card\" content=\"summary_large_image\" \/>\n<meta name=\"twitter:label1\" content=\"Gesch\u00e4tzte Lesezeit\" \/>\n\t<meta name=\"twitter:data1\" content=\"2\u00a0Minuten\" \/>\n<script type=\"application\/ld+json\" class=\"yoast-schema-graph\">{\"@context\":\"https:\\\/\\\/schema.org\",\"@graph\":[{\"@type\":\"WebPage\",\"@id\":\"https:\\\/\\\/www.consilio-tax-law.nl\\\/financieel\\\/\",\"url\":\"https:\\\/\\\/www.consilio-tax-law.nl\\\/financieel\\\/\",\"name\":\"Financi\u00eble planning - Consilio Tax &amp; Law\",\"isPartOf\":{\"@id\":\"https:\\\/\\\/www.consilio-tax-law.nl\\\/#website\"},\"primaryImageOfPage\":{\"@id\":\"https:\\\/\\\/www.consilio-tax-law.nl\\\/financieel\\\/#primaryimage\"},\"image\":{\"@id\":\"https:\\\/\\\/www.consilio-tax-law.nl\\\/financieel\\\/#primaryimage\"},\"thumbnailUrl\":\"https:\\\/\\\/www.consilio-tax-law.nl\\\/wp-content\\\/uploads\\\/2023\\\/02\\\/ConsilioMaastrichtdetails-1.jpg\",\"datePublished\":\"2023-02-07T12:58:02+00:00\",\"dateModified\":\"2026-04-02T14:53:40+00:00\",\"breadcrumb\":{\"@id\":\"https:\\\/\\\/www.consilio-tax-law.nl\\\/financieel\\\/#breadcrumb\"},\"inLanguage\":\"de\",\"potentialAction\":[{\"@type\":\"ReadAction\",\"target\":[\"https:\\\/\\\/www.consilio-tax-law.nl\\\/financieel\\\/\"]}]},{\"@type\":\"ImageObject\",\"inLanguage\":\"de\",\"@id\":\"https:\\\/\\\/www.consilio-tax-law.nl\\\/financieel\\\/#primaryimage\",\"url\":\"https:\\\/\\\/www.consilio-tax-law.nl\\\/wp-content\\\/uploads\\\/2023\\\/02\\\/ConsilioMaastrichtdetails-1.jpg\",\"contentUrl\":\"https:\\\/\\\/www.consilio-tax-law.nl\\\/wp-content\\\/uploads\\\/2023\\\/02\\\/ConsilioMaastrichtdetails-1.jpg\",\"width\":1200,\"height\":800,\"caption\":\"Consilio Maastricht\"},{\"@type\":\"BreadcrumbList\",\"@id\":\"https:\\\/\\\/www.consilio-tax-law.nl\\\/financieel\\\/#breadcrumb\",\"itemListElement\":[{\"@type\":\"ListItem\",\"position\":1,\"name\":\"Home\",\"item\":\"https:\\\/\\\/www.consilio-tax-law.nl\\\/\"},{\"@type\":\"ListItem\",\"position\":2,\"name\":\"Financi\u00eble planning\"}]},{\"@type\":\"WebSite\",\"@id\":\"https:\\\/\\\/www.consilio-tax-law.nl\\\/#website\",\"url\":\"https:\\\/\\\/www.consilio-tax-law.nl\\\/\",\"name\":\"Consilio Tax &amp; Law\",\"description\":\"Fiscaal | Juridisch | Financieel | Administratief | Loonadvies\",\"publisher\":{\"@id\":\"https:\\\/\\\/www.consilio-tax-law.nl\\\/#organization\"},\"potentialAction\":[{\"@type\":\"SearchAction\",\"target\":{\"@type\":\"EntryPoint\",\"urlTemplate\":\"https:\\\/\\\/www.consilio-tax-law.nl\\\/?s={search_term_string}\"},\"query-input\":{\"@type\":\"PropertyValueSpecification\",\"valueRequired\":true,\"valueName\":\"search_term_string\"}}],\"inLanguage\":\"de\"},{\"@type\":\"Organization\",\"@id\":\"https:\\\/\\\/www.consilio-tax-law.nl\\\/#organization\",\"name\":\"Consilio Tax & Law\",\"url\":\"https:\\\/\\\/www.consilio-tax-law.nl\\\/\",\"logo\":{\"@type\":\"ImageObject\",\"inLanguage\":\"de\",\"@id\":\"https:\\\/\\\/www.consilio-tax-law.nl\\\/#\\\/schema\\\/logo\\\/image\\\/\",\"url\":\"https:\\\/\\\/www.consilio-tax-law.nl\\\/wp-content\\\/uploads\\\/2022\\\/10\\\/siteicon-wit.png\",\"contentUrl\":\"https:\\\/\\\/www.consilio-tax-law.nl\\\/wp-content\\\/uploads\\\/2022\\\/10\\\/siteicon-wit.png\",\"width\":107,\"height\":107,\"caption\":\"Consilio Tax & Law\"},\"image\":{\"@id\":\"https:\\\/\\\/www.consilio-tax-law.nl\\\/#\\\/schema\\\/logo\\\/image\\\/\"},\"sameAs\":[\"https:\\\/\\\/www.facebook.com\\\/consiliotaxandlaw\\\/\",\"https:\\\/\\\/www.linkedin.com\\\/company\\\/consilio-tax-law\\\/\"]}]}<\/script>\n<!-- \/ Yoast SEO plugin. -->","yoast_head_json":{"title":"Financi\u00eble planning - Consilio Tax &amp; Law","robots":{"index":"index","follow":"follow","max-snippet":"max-snippet:-1","max-image-preview":"max-image-preview:large","max-video-preview":"max-video-preview:-1"},"canonical":"https:\/\/www.consilio-tax-law.nl\/de\/finanzen\/","og_locale":"de_DE","og_type":"article","og_title":"Financi\u00eble planning - Consilio Tax &amp; Law","og_description":"Financi\u00eble dienstverlening","og_url":"https:\/\/www.consilio-tax-law.nl\/de\/wp-json\/wp\/v2\/pages\/9326","og_site_name":"Consilio Tax &amp; Law","article_publisher":"https:\/\/www.facebook.com\/consiliotaxandlaw\/","article_modified_time":"2026-04-02T14:53:40+00:00","og_image":[{"width":1200,"height":800,"url":"https:\/\/www.consilio-tax-law.nl\/wp-content\/uploads\/2023\/02\/ConsilioMaastrichtdetails-1.jpg","type":"image\/jpeg"}],"twitter_card":"summary_large_image","twitter_misc":{"Gesch\u00e4tzte Lesezeit":"2\u00a0Minuten"},"schema":{"@context":"https:\/\/schema.org","@graph":[{"@type":"WebPage","@id":"https:\/\/www.consilio-tax-law.nl\/financieel\/","url":"https:\/\/www.consilio-tax-law.nl\/financieel\/","name":"Financi\u00eble planning - Consilio Tax &amp; Law","isPartOf":{"@id":"https:\/\/www.consilio-tax-law.nl\/#website"},"primaryImageOfPage":{"@id":"https:\/\/www.consilio-tax-law.nl\/financieel\/#primaryimage"},"image":{"@id":"https:\/\/www.consilio-tax-law.nl\/financieel\/#primaryimage"},"thumbnailUrl":"https:\/\/www.consilio-tax-law.nl\/wp-content\/uploads\/2023\/02\/ConsilioMaastrichtdetails-1.jpg","datePublished":"2023-02-07T12:58:02+00:00","dateModified":"2026-04-02T14:53:40+00:00","breadcrumb":{"@id":"https:\/\/www.consilio-tax-law.nl\/financieel\/#breadcrumb"},"inLanguage":"de","potentialAction":[{"@type":"ReadAction","target":["https:\/\/www.consilio-tax-law.nl\/financieel\/"]}]},{"@type":"ImageObject","inLanguage":"de","@id":"https:\/\/www.consilio-tax-law.nl\/financieel\/#primaryimage","url":"https:\/\/www.consilio-tax-law.nl\/wp-content\/uploads\/2023\/02\/ConsilioMaastrichtdetails-1.jpg","contentUrl":"https:\/\/www.consilio-tax-law.nl\/wp-content\/uploads\/2023\/02\/ConsilioMaastrichtdetails-1.jpg","width":1200,"height":800,"caption":"Consilio Maastricht"},{"@type":"BreadcrumbList","@id":"https:\/\/www.consilio-tax-law.nl\/financieel\/#breadcrumb","itemListElement":[{"@type":"ListItem","position":1,"name":"Home","item":"https:\/\/www.consilio-tax-law.nl\/"},{"@type":"ListItem","position":2,"name":"Financi\u00eble planning"}]},{"@type":"WebSite","@id":"https:\/\/www.consilio-tax-law.nl\/#website","url":"https:\/\/www.consilio-tax-law.nl\/","name":"Consilio Tax &amp; Law","description":"Steuer | Rechtliches | Finanziell | Verwaltung | Rat zahlen","publisher":{"@id":"https:\/\/www.consilio-tax-law.nl\/#organization"},"potentialAction":[{"@type":"SearchAction","target":{"@type":"EntryPoint","urlTemplate":"https:\/\/www.consilio-tax-law.nl\/?s={search_term_string}"},"query-input":{"@type":"PropertyValueSpecification","valueRequired":true,"valueName":"search_term_string"}}],"inLanguage":"de"},{"@type":"Organization","@id":"https:\/\/www.consilio-tax-law.nl\/#organization","name":"Consilio Tax &amp; Law","url":"https:\/\/www.consilio-tax-law.nl\/","logo":{"@type":"ImageObject","inLanguage":"de","@id":"https:\/\/www.consilio-tax-law.nl\/#\/schema\/logo\/image\/","url":"https:\/\/www.consilio-tax-law.nl\/wp-content\/uploads\/2022\/10\/siteicon-wit.png","contentUrl":"https:\/\/www.consilio-tax-law.nl\/wp-content\/uploads\/2022\/10\/siteicon-wit.png","width":107,"height":107,"caption":"Consilio Tax & Law"},"image":{"@id":"https:\/\/www.consilio-tax-law.nl\/#\/schema\/logo\/image\/"},"sameAs":["https:\/\/www.facebook.com\/consiliotaxandlaw\/","https:\/\/www.linkedin.com\/company\/consilio-tax-law\/"]}]}},"_links":{"self":[{"href":"https:\/\/www.consilio-tax-law.nl\/de\/wp-json\/wp\/v2\/pages\/9326","targetHints":{"allow":["GET"]}}],"collection":[{"href":"https:\/\/www.consilio-tax-law.nl\/de\/wp-json\/wp\/v2\/pages"}],"about":[{"href":"https:\/\/www.consilio-tax-law.nl\/de\/wp-json\/wp\/v2\/types\/page"}],"author":[{"embeddable":true,"href":"https:\/\/www.consilio-tax-law.nl\/de\/wp-json\/wp\/v2\/users\/1"}],"replies":[{"embeddable":true,"href":"https:\/\/www.consilio-tax-law.nl\/de\/wp-json\/wp\/v2\/comments?post=9326"}],"version-history":[{"count":11,"href":"https:\/\/www.consilio-tax-law.nl\/de\/wp-json\/wp\/v2\/pages\/9326\/revisions"}],"predecessor-version":[{"id":13307,"href":"https:\/\/www.consilio-tax-law.nl\/de\/wp-json\/wp\/v2\/pages\/9326\/revisions\/13307"}],"wp:featuredmedia":[{"embeddable":true,"href":"https:\/\/www.consilio-tax-law.nl\/de\/wp-json\/wp\/v2\/media\/9599"}],"wp:attachment":[{"href":"https:\/\/www.consilio-tax-law.nl\/de\/wp-json\/wp\/v2\/media?parent=9326"}],"wp:term":[{"taxonomy":"dipi_cpt_category","embeddable":true,"href":"https:\/\/www.consilio-tax-law.nl\/de\/wp-json\/wp\/v2\/dipi_cpt_category?post=9326"}],"curies":[{"name":"wp","href":"https:\/\/api.w.org\/{rel}","templated":true}]}}