{"id":9336,"date":"2023-10-02T13:23:00","date_gmt":"2023-10-02T13:23:00","guid":{"rendered":"https:\/\/consilio.tijdelijkdomein.eu\/?page_id=9336"},"modified":"2026-04-02T14:53:41","modified_gmt":"2026-04-02T14:53:41","slug":"mediation","status":"publish","type":"page","link":"https:\/\/www.consilio-tax-law.nl\/de\/mediation\/","title":{"rendered":"Mediation"},"content":{"rendered":"<div class=\"et_pb_section_0 et_pb_section et_section_regular et_block_section\"><div class=\"et_pb_row_0 et_pb_row et_block_row\"><div class=\"et_pb_column_0 et_pb_column et_pb_column_1_2 et_block_column et_pb_css_mix_blend_mode_passthrough\"><div class=\"et_pb_image_0 et_pb_image et_pb_module et_block_module\"><span class=\"et_pb_image_wrap\"><img loading=\"lazy\" decoding=\"async\" src=\"https:\/\/www.consilio-tax-law.nl\/wp-content\/uploads\/2023\/10\/consilio-team-iwan.webp\" width=\"800\" height=\"800\" srcset=\"https:\/\/www.consilio-tax-law.nl\/wp-content\/uploads\/2023\/10\/consilio-team-iwan.webp 800w, https:\/\/www.consilio-tax-law.nl\/wp-content\/uploads\/2023\/10\/consilio-team-iwan-480x480.webp 480w\" sizes=\"(min-width: 0px) and (max-width: 480px) 480px, (min-width: 481px) 800px, 100vw\" class=\"wp-image-11489\" title=\"Iwan Vojacek\" alt=\"Iwan Vojacek\" \/><\/span><\/div><\/div><div class=\"et_pb_column_1 et_pb_column et_pb_column_1_2 et-last-child et_block_column et_pb_css_mix_blend_mode_passthrough\"><div class=\"et_pb_text_0 et_pb_text et_pb_bg_layout_light et_pb_module et_block_module preset--module--divi-text--c50c2382-0e89-40ca-a61f-399f9a5dfedc\"><div class=\"et_pb_text_inner\"><h2>Consilio hilft Ihnen wieder ins Gespr\u00e4ch zu kommen<\/h2>\n<p>Consilio legt gro\u00dfen Wert auf einen pers\u00f6nlichen Ansatz. Um diese Unterst\u00fctzung zu bieten, ist es entscheidend, dass Sie Vertrauen in den Mehrwert des Mediators, des Konfliktvermittlers oder des Konfliktcoachs haben. Daher werden w\u00e4hrend des ersten Gespr\u00e4chs die unabh\u00e4ngige und neutrale Rolle sowie die Vertraulichkeitspflicht erl\u00e4utert. Ein Gef\u00fchl von Vertrauen und Sicherheit f\u00f6rdert die Offenheit.<\/p>\n<\/div><\/div><div class=\"et_pb_text_1 et_pb_text et_pb_bg_layout_light et_pb_module et_block_module preset--module--divi-text--e31fff7c-2a3a-437c-aa57-4e4601b7f007\"><div class=\"et_pb_text_inner\"><p class=\"translation-block\">Unsere Mediatoren, die alle MfN registriert sind, konzentrieren sich auf den Kern des Konflikts. Es ist wichtig, dass klar wird, worum es in dem Konflikt geht, damit eine Unterscheidung in der Art des Konflikts und in der Phase, in der sich der Konflikt befindet, getroffen werden kann. Insbesondere letzteres bestimmt, wie die Parteien reagieren und die Qualit\u00e4t der L\u00f6sung. Offenheit der Parteien steigert in dieser Phase oft die Kreativit\u00e4t, die notwendig ist, um die Bed\u00fcrfnisse der Parteien zu erforschen.<\/p>\n<p>Manchmal kann es wichtig sein, dass individuelle Gespr\u00e4che mit jedem der Beteiligten stattfinden. Jeder erh\u00e4lt dann die M\u00f6glichkeit, bestimmte Angelegenheiten mit dem Mediator zu besprechen, bevor sie in den gemeinsamen Gespr\u00e4chen behandelt werden. Einzelgespr\u00e4che finden nur statt, wenn alle beteiligten Parteien damit einverstanden sind.<\/p>\n<\/div><\/div><div class=\"et_pb_text_2 et_pb_text et_pb_bg_layout_light et_pb_module et_block_module\"><div class=\"et_pb_text_inner\"><p><img decoding=\"async\" src=\"https:\/\/www.consilio-tax-law.nl\/wp-content\/uploads\/2023\/10\/logo_nmv.webp\" width=\"200\"  alt=\"Logo NMv De beroepsvereniging voor professionals in mediation\" class=\"wp-image-11439 alignnone size-full\" style=\"margin-right:20px\" srcset=\"https:\/\/www.consilio-tax-law.nl\/wp-content\/uploads\/2023\/10\/logo_nmv.webp 255w, https:\/\/www.consilio-tax-law.nl\/wp-content\/uploads\/2023\/10\/logo_nmv-18x6.webp 18w\" sizes=\"(max-width: 255px) 100vw, 255px\" \/><img decoding=\"async\" src=\"https:\/\/www.consilio-tax-law.nl\/wp-content\/uploads\/2023\/10\/logo_mfn.webp\" width=\"200\"  alt=\"Logo Mfn Registermediator\" class=\"wp-image-11438 alignnone size-full\" srcset=\"https:\/\/www.consilio-tax-law.nl\/wp-content\/uploads\/2023\/10\/logo_mfn.webp 224w, https:\/\/www.consilio-tax-law.nl\/wp-content\/uploads\/2023\/10\/logo_mfn-18x7.webp 18w\" sizes=\"(max-width: 224px) 100vw, 224px\" \/><\/p>\n<\/div><\/div><div class=\"et_pb_accordion_0 et_pb_accordion et_pb_module et_block_module preset--module--divi-accordion--default\"><div class=\"et_pb_accordion_item_0 et_pb_accordion_item et_pb_toggle et_pb_module et_pb_toggle_open et_block_module\"><h3 class=\"et_pb_toggle_title\">Unabh\u00e4ngig von welchem Konflikt Sie sich auch immer auseinandersetzen<\/h3><div class=\"et_pb_toggle_content\"><p><span style=\"text-decoration: underline;\">Nicht f\u00fcr euch, sondern mit euch<\/span><br \/>Menschen wenden sich aus vielen Gr\u00fcnden vor\u00fcbergehend voneinander ab. Unsere Mediatoren sind dann f\u00fcr euch da, aber vor allem auch mit euch.<\/p>\n<p><span style=\"text-decoration: underline;\">Bewegen<\/span><br \/>Wir setzen uns in eure pers\u00f6nliche Geschichte und die der anderen Partei ein. Auf diese Weise \u00f6ffnen wir den Weg zu einer L\u00f6sung, mit der alle vorankommen k\u00f6nnen.<\/p>\n<p><span style=\"text-decoration: underline;\">Zuh\u00f6ren<\/span><br \/>Das tun wir in erster Linie, indem wir zuh\u00f6ren. Ihr habt bei uns die M\u00f6glichkeit, eure eigene Geschichte zu erz\u00e4hlen, ohne dass geurteilt oder verurteilt wird.<\/p>\n<p><span style=\"text-decoration: underline;\">Vertrauen<\/span><br \/>Bei uns seid ihr frei, zu sprechen und auszusprechen, worum es wirklich geht. Aufmerksamkeit und Respekt sind f\u00fcr uns Kernwerte. Vertrauen und Vertraulichkeit stehen bei uns hoch im Kurs.<\/p>\n<p><span style=\"text-decoration: underline;\">Sicherheit<\/span><br \/>Wir sind engagiert, ohne dabei parteiisch zu sein. Wir k\u00f6nnen uns ausreichend in euren Konflikt hineinversetzen, ohne uns den Konflikt anzueignen.<\/p>\n<p><span style=\"text-decoration: underline;\">Begleitung<\/span><br \/>Wenn unsere Begleitung dazu f\u00fchrt, dass ihr eine L\u00f6sung f\u00fcr euren Konflikt findet, haben wir unsere Mission erf\u00fcllt. Auch nachdem der Konflikt gel\u00f6st ist, k\u00f6nnen wir euch weiterhin begleiten.<\/p>\n<p>&nbsp;<\/p>\n<\/div><\/div><div class=\"et_pb_accordion_item_1 et_pb_accordion_item et_pb_toggle et_pb_module et_pb_toggle_close et_block_module\"><h3 class=\"et_pb_toggle_title\">Konflikte und die Rolle unserer Mediatoren<\/h3><div class=\"et_pb_toggle_content\"><p><span style=\"text-decoration: underline;\">Konflikte entstehen, weil keine zwei Menschen gleich sind<br \/><\/span>Menschen sind soziale Wesen. Tag f\u00fcr Tag suchen wir einander auf. Wir vertiefen bestehende Beziehungen und kn\u00fcpfen neue, sei es im privaten oder gesch\u00e4ftlichen Bereich. Da keine zwei Menschen gleich sind, k\u00f6nnen Konflikte entstehen.<\/p>\n<p>Indem man gegenseitige Interessen in den Mittelpunkt stellt, kann man zu einer passenden L\u00f6sung gelangen. Dadurch kann ein Gang vor Gericht vermieden werden. Das spart Zeit und Kosten. Aber vielleicht noch viel wichtiger: Die Beziehung zur anderen Konfliktpartei wird nicht unn\u00f6tig beendet.<\/p>\n<p>Unsere Mediatoren versetzen sich in eure pers\u00f6nliche Geschichte und in die der anderen Partei. So wird der Weg zu einer L\u00f6sung er\u00f6ffnet, mit der alle vorankommen k\u00f6nnen.<\/p>\n<p><span style=\"text-decoration: underline;\">Verschiedene Rollen<\/span><br \/>Welche M\u00f6glichkeiten gibt es, um zu einer passenden L\u00f6sung zu gelangen?<\/p>\n<p>Die unten stehende Informationsbrosch\u00fcre erkl\u00e4rt, was Mediation ist, welche Vorteile ein MfN-registrierter Mediator bietet und wann und warum Sie diesen in Anspruch nehmen k\u00f6nnen. Die Brosch\u00fcre ist unten online als PDF verf\u00fcgbar.<\/p>\n<p><a href=\"https:\/\/www.consilio-tax-law.nl\/wp-content\/uploads\/2023\/10\/Folder_A4_M07Y2021_digitaal-1.pdf\" rel=\"attachment noopener wp-att-11397\" target=\"_blank\" title=\"Publieksfolder MfN\">Publieksfolder MfN<\/a><\/p>\n<p><span style=\"text-decoration: underline;\">Mediation<\/span><br \/>Der Mediator h\u00e4lt sich w\u00e4hrend der Suche nach einer L\u00f6sung f\u00fcr den Konflikt inhaltlich zur\u00fcck, leitet den Prozess und schafft Raum f\u00fcr die beteiligten Parteien, sodass sie aufgrund ihres eigenen Wissens \u00fcber den Konflikt selbst zu einem gegenseitig zufriedenstellenden Ergebnis gelangen k\u00f6nnen.<\/p>\n<p><span style=\"text-decoration: underline;\">Konfliktvermittlung<\/span><br \/>Der Konfliktvermittler untersucht inhaltlich die individuellen Interessen der beteiligten Parteien. Ebenso ermittelt der Konfliktvermittler, wo diese Interessen aufeinanderprallen und wo eventuelle Verbitterung zwischen ihnen besteht. Aufgrund dieser inhaltlichen Leitungsfunktion wird ein konkretes L\u00f6sungsvorschlag erarbeitet.<\/p>\n<p><span style=\"text-decoration: underline;\">Konfliktcoaching<\/span><br \/>Der Konfliktcoach unterst\u00fctzt die beteiligten Parteien dabei, sich bewusst zu werden, dass anhaltend ineffektives Verhalten einer L\u00f6sung f\u00fcr den Konflikt im Wege steht. Anschlie\u00dfend werden die Parteien auf dem Weg zu effektivem Verhalten begleitet, wobei Interaktion und das Einbringen eines positiven Beitrags im Mittelpunkt stehen.<\/p>\n<\/div><\/div><div class=\"et_pb_accordion_item_2 et_pb_accordion_item et_pb_toggle et_pb_module et_pb_toggle_close et_block_module\"><h3 class=\"et_pb_toggle_title\">Kern des Konflikts<\/h3><div class=\"et_pb_toggle_content\"><p>Der Mediator konzentriert sich auf den Kern des Konflikts. Es ist wichtig, dass klar wird, worum es in dem Konflikt geht, damit unterschieden werden kann, um welche Art von Konflikt es sich handelt und in welcher Phase sich der Konflikt befindet. Insbesondere Letzteres bestimmt, wie die Parteien reagieren und die Qualit\u00e4t der L\u00f6sung. Offenheit der Parteien erh\u00f6ht in dieser Phase oft die Kreativit\u00e4t, die notwendig ist, um zu erforschen, was die Bed\u00fcrfnisse der Parteien sind.<\/p>\n<p>Manchmal kann es wichtig sein, dass individuelle Gespr\u00e4che mit jedem der Beteiligten stattfinden. Jeder erh\u00e4lt dann die M\u00f6glichkeit, bestimmte Angelegenheiten mit dem Mediator zu besprechen, bevor sie in den gemeinsamen Gespr\u00e4chen behandelt werden. Einzelgespr\u00e4che finden nur statt, wenn alle beteiligten Parteien damit einverstanden sind.<\/p>\n<\/div><\/div><div class=\"et_pb_accordion_item_3 et_pb_accordion_item et_pb_toggle et_pb_module et_pb_toggle_close et_block_module\"><h3 class=\"et_pb_toggle_title\">Welche Formen der Mediation bieten wir an?<\/h3><div class=\"et_pb_toggle_content\"><p><strong>Familien- und Scheidungskonflikte<\/strong><\/p>\n<p><span style=\"text-decoration: underline;\">Die Vorteile der Mediation bei einer Scheidung<br \/><\/span>Bei einer Scheidung kann die Kommunikation zwischen (Ex-)Partnern oft schwierig sein. Dies hat in der Regel mit Missverst\u00e4ndnissen, Misstrauen und Emotionen zu tun. Durch Mediation k\u00f6nnt ihr in guter Absprache Vereinbarungen treffen. Ihr bestimmt selbst, welche Vereinbarungen ihr mit eurem (Ex-)Partner festlegen m\u00f6chtet. Die Vorteile davon sind, dass ihr oft schneller zu einer L\u00f6sung gelangt, dass der Gang zum Gericht vermieden wird und dass der zwischenmenschliche Kontakt - oft im Interesse der Kinder - erhalten bleibt.<\/p>\n<p><span style=\"text-decoration: underline;\">Kinder m\u00fcssen eine Scheidung verstehen und verarbeiten<br \/><\/span>Kinder w\u00e4hlen nicht die Scheidung ihrer Eltern. Es passiert ihnen. Unsere Mediatoren sind f\u00fcr die Kinder geschiedener Eltern da und bieten ihnen die M\u00f6glichkeit, ihre Geschichte zu erz\u00e4hlen. Dies geschieht vor allem, um zu verhindern, dass sie in einen Loyalit\u00e4tskonflikt geraten. Die Mediation sorgt daf\u00fcr, dass die Interessen der Kinder den Eltern bewusst werden, woraufhin gemeinsam ein Elternplan erstellt werden kann.<\/p>\n<p><strong>Business-\/Kooperationsmediation<\/strong><\/p>\n<p><strong> <\/strong><\/p>\n<p><strong><\/strong><span style=\"font-size: 14px; text-decoration-line: underline;\">Mediation l\u00f6st Streitigkeiten innerhalb von Organisationen<br \/><\/span><strong><\/strong>Gesch\u00e4ftliche Konflikte k\u00f6nnen den regul\u00e4ren Betrieb innerhalb einer Organisation erheblich st\u00f6ren. Die Gesch\u00e4ftswelt entdeckt, dass die Mediation immer h\u00e4ufiger und mit zunehmendem Erfolg als L\u00f6sung f\u00fcr Streitigkeiten eingesetzt wird. Bei gest\u00f6rten Beziehungen zu einem Gesch\u00e4ftspartner, Mitarbeiter, Kollegen, Vorgesetzten oder Lieferanten kann die Mediation in der Regel eine L\u00f6sung bieten.<\/p>\n<p>Wir sind spezialisiert in:<\/p>\n<p>-arbeitsrechtlichen Angelegenheiten<br \/>-Unternehmens\u00fcbernahme und Nachfolge<br \/>-Dienstleistungen<br \/>-Fusionen<br \/>-Zusammenarbeit<br \/>-gesellschaftsrechtliche Streitigkeiten<\/p>\n<p><strong>Mediation im Zusammenhang mit Sterbe- \/ Nachlassmediation<\/strong><\/p>\n<p><strong> <\/strong><\/p>\n<p><strong><\/strong><span style=\"text-decoration: underline;\">Wat is een nalatenschapsmediation?<br \/><\/span>Bij een mediation in een nalatenschap gaan de erfgenamen samen \u2013 onder begeleiding van de mediator \u2013 met elkaar in gesprek, op zoek naar een oplossing.<\/p>\n<p>Wir sind spezialisiert in:<\/p>\n<p><strong><\/strong>-Erven<br \/>-Boedelverdeling<\/p>\n<p><strong><\/strong><\/p>\n<p>&nbsp;<\/p>\n<p><strong>\u00a0<\/strong><\/p>\n<\/div><\/div><div class=\"et_pb_accordion_item_4 et_pb_accordion_item et_pb_toggle et_pb_module et_pb_toggle_close et_block_module\"><h3 class=\"et_pb_toggle_title\">Vorstellung<\/h3><div class=\"et_pb_toggle_content\"><p>Rufen Sie uns gerne an, wir erl\u00e4utern Ihnen unsere Arbeitsweise, den Ablauf, die Dauer und die Kosten. Ein (evtl.) Einf\u00fchrungsgespr\u00e4ch ist kostenfrei.<\/p>\n<\/div><\/div><div class=\"et_pb_accordion_item_5 et_pb_accordion_item et_pb_toggle et_pb_module et_pb_toggle_close et_block_module\"><h3 class=\"et_pb_toggle_title\">Voortgang en kosten<\/h3><div class=\"et_pb_toggle_content\"><p>Aan het eind van het eerste gesprek worden er (taak)afspraken gemaakt om de voortgang te garanderen tijdens de vervolggesprekken. Ook de wijze van verslaglegging en de vaststelling van de overeenkomst komen aan bod. Onze mediators werken met een overeenkomst van MfN, <a href=\"https:\/\/mfnregister.nl\/\" target=\"_blank\" rel=\"noopener\" title=\"Mediatorsfederatie Nederland\">Mediatorsfederatie Nederland<\/a>. Wij werken volgens het MfN Mediationreglement en wij houden ons aan de MfN gedragsregels.<\/p>\n<\/div><\/div><div class=\"et_pb_accordion_item_6 et_pb_accordion_item et_pb_toggle et_pb_module et_pb_toggle_close et_block_module\"><h3 class=\"et_pb_toggle_title\">Wat zijn de kosten?<\/h3><div class=\"et_pb_toggle_content\"><p><span>Een mediationtraject duurt minder lang dan het inschakelen van een advocaat of een gerechtelijke procedure. In vergelijking met een advocaat besparen jullie kosten bij het nemen van een mediator. De kosten van mediation worden meestal tussen de partijen verdeeld. Bij een arbeidsmediation betaalt de werkgever doorgaans de kosten van de mediation.<\/span><\/p>\n<\/div><\/div><div class=\"et_pb_accordion_item_7 et_pb_accordion_item et_pb_toggle et_pb_module et_pb_toggle_close et_block_module\"><h3 class=\"et_pb_toggle_title\">All-inclusive prijs bij een echtscheiding<\/h3><div class=\"et_pb_toggle_content\"><p>Als jullie vlot willen scheiden en jullie kunnen samen snel en makkelijk afspraken maken dan kunnen onze mediators, samen met jullie, ervoor zorgen dat binnen twee weken het gemeenschappelijk verzoek tot echtscheiding bij de Rechtbank wordt ingediend. Wij brengen een all-inclusive prijs per persoon van \u20ac 2.400,00 inclusief Btw hiervoor in rekening.<\/p>\n<\/div><\/div><div class=\"et_pb_accordion_item_8 et_pb_accordion_item et_pb_toggle et_pb_module et_pb_toggle_close et_block_module\"><h3 class=\"et_pb_toggle_title\">Gesubsidieerde rechtsbijstand<\/h3><div class=\"et_pb_toggle_content\"><p><span>Afhankelijk van het inkomen komen jullie mogelijk in aanmerking voor gesubsidieerde rechtsbijstand; de zogenaamde \u2018toevoeging\u2019.<\/span><br \/><span>Wij zijn aangesloten bij de Raad voor Rechtsbijstand en kunnen deze toevoeging voor jullie aanvragen. In dat geval beperken jullie kosten zich tot slechts de \u2018eigen bijdrage\u2019 en deze bedraagt in 2023 \u20ac 59,00 of \u20ac 117,00 voor het gehele mediationtraject. Bij een echtscheiding of ontbinding geregistreerd partnerschap komt daar \u20ac 43,00 bij aan griffierechten van de rechtbank.<\/span><br \/><span>Raadpleeg hiervoor de website van de\u00a0<\/span><a href=\"https:\/\/www.rechtsbijstand.nl\/\" target=\"_blank\" rel=\"noopener\" title=\"Raad voor Rechtsbijstand\">Raad voor Rechtsbijstand<span>.<\/span><\/a><\/p>\n<\/div><\/div><\/div><div class=\"et_pb_module et_pb_button_module_wrapper et_pb_button_0_wrapper preset--module--divi-button--fef65969-5cf4-4682-8fea-c0847b803d01_wrapper\"><a class=\"et_pb_button_0 et_pb_button et_pb_bg_layout_light et_pb_module et_block_module preset--module--divi-button--fef65969-5cf4-4682-8fea-c0847b803d01\" href=\"\/de\/kontakt\/\">Ich w\u00fcrde gerne mehr wissen<\/a><\/div><\/div><\/div><\/div>","protected":false},"excerpt":{"rendered":"<p>Consilio hilft Ihnen mit Mediation<\/p>","protected":false},"author":1,"featured_media":9607,"parent":0,"menu_order":0,"comment_status":"closed","ping_status":"closed","template":"","meta":{"_acf_changed":false,"footnotes":""},"dipi_cpt_category":[],"class_list":["post-9336","page","type-page","status-publish","has-post-thumbnail","hentry"],"acf":[],"yoast_head":"<!-- This site is optimized with the Yoast SEO plugin v27.3 - https:\/\/yoast.com\/product\/yoast-seo-wordpress\/ -->\n<title>Mediation - Consilio Tax &amp; Law<\/title>\n<meta name=\"robots\" content=\"index, follow, max-snippet:-1, max-image-preview:large, max-video-preview:-1\" \/>\n<link rel=\"canonical\" href=\"https:\/\/www.consilio-tax-law.nl\/de\/mediation\/\" \/>\n<meta property=\"og:locale\" content=\"de_DE\" \/>\n<meta property=\"og:type\" content=\"article\" \/>\n<meta property=\"og:title\" content=\"Mediation - Consilio Tax &amp; Law\" \/>\n<meta property=\"og:description\" content=\"Consilio helpt je met mediation\" \/>\n<meta property=\"og:url\" content=\"https:\/\/www.consilio-tax-law.nl\/de\/wp-json\/wp\/v2\/pages\/9336\" \/>\n<meta property=\"og:site_name\" content=\"Consilio Tax &amp; Law\" \/>\n<meta property=\"article:publisher\" content=\"https:\/\/www.facebook.com\/consiliotaxandlaw\/\" \/>\n<meta property=\"article:modified_time\" content=\"2026-04-02T14:53:41+00:00\" \/>\n<meta property=\"og:image\" content=\"https:\/\/www.consilio-tax-law.nl\/wp-content\/uploads\/2023\/02\/ConsilioMaastrichtdetails-18.jpg\" \/>\n\t<meta property=\"og:image:width\" content=\"1200\" \/>\n\t<meta property=\"og:image:height\" content=\"800\" \/>\n\t<meta property=\"og:image:type\" content=\"image\/jpeg\" \/>\n<meta name=\"twitter:card\" content=\"summary_large_image\" \/>\n<meta name=\"twitter:label1\" content=\"Gesch\u00e4tzte Lesezeit\" \/>\n\t<meta name=\"twitter:data1\" content=\"8\u00a0Minuten\" \/>\n<script type=\"application\/ld+json\" class=\"yoast-schema-graph\">{\"@context\":\"https:\\\/\\\/schema.org\",\"@graph\":[{\"@type\":\"WebPage\",\"@id\":\"https:\\\/\\\/www.consilio-tax-law.nl\\\/mediation\\\/\",\"url\":\"https:\\\/\\\/www.consilio-tax-law.nl\\\/mediation\\\/\",\"name\":\"Mediation - Consilio Tax &amp; Law\",\"isPartOf\":{\"@id\":\"https:\\\/\\\/www.consilio-tax-law.nl\\\/#website\"},\"primaryImageOfPage\":{\"@id\":\"https:\\\/\\\/www.consilio-tax-law.nl\\\/mediation\\\/#primaryimage\"},\"image\":{\"@id\":\"https:\\\/\\\/www.consilio-tax-law.nl\\\/mediation\\\/#primaryimage\"},\"thumbnailUrl\":\"https:\\\/\\\/www.consilio-tax-law.nl\\\/wp-content\\\/uploads\\\/2023\\\/02\\\/ConsilioMaastrichtdetails-18.jpg\",\"datePublished\":\"2023-10-02T13:23:00+00:00\",\"dateModified\":\"2026-04-02T14:53:41+00:00\",\"breadcrumb\":{\"@id\":\"https:\\\/\\\/www.consilio-tax-law.nl\\\/mediation\\\/#breadcrumb\"},\"inLanguage\":\"de\",\"potentialAction\":[{\"@type\":\"ReadAction\",\"target\":[\"https:\\\/\\\/www.consilio-tax-law.nl\\\/mediation\\\/\"]}]},{\"@type\":\"ImageObject\",\"inLanguage\":\"de\",\"@id\":\"https:\\\/\\\/www.consilio-tax-law.nl\\\/mediation\\\/#primaryimage\",\"url\":\"https:\\\/\\\/www.consilio-tax-law.nl\\\/wp-content\\\/uploads\\\/2023\\\/02\\\/ConsilioMaastrichtdetails-18.jpg\",\"contentUrl\":\"https:\\\/\\\/www.consilio-tax-law.nl\\\/wp-content\\\/uploads\\\/2023\\\/02\\\/ConsilioMaastrichtdetails-18.jpg\",\"width\":1200,\"height\":800,\"caption\":\"Consilio Maastricht\"},{\"@type\":\"BreadcrumbList\",\"@id\":\"https:\\\/\\\/www.consilio-tax-law.nl\\\/mediation\\\/#breadcrumb\",\"itemListElement\":[{\"@type\":\"ListItem\",\"position\":1,\"name\":\"Home\",\"item\":\"https:\\\/\\\/www.consilio-tax-law.nl\\\/\"},{\"@type\":\"ListItem\",\"position\":2,\"name\":\"Mediation\"}]},{\"@type\":\"WebSite\",\"@id\":\"https:\\\/\\\/www.consilio-tax-law.nl\\\/#website\",\"url\":\"https:\\\/\\\/www.consilio-tax-law.nl\\\/\",\"name\":\"Consilio Tax &amp; Law\",\"description\":\"Fiscaal | Juridisch | Financieel | Administratief | Loonadvies\",\"publisher\":{\"@id\":\"https:\\\/\\\/www.consilio-tax-law.nl\\\/#organization\"},\"potentialAction\":[{\"@type\":\"SearchAction\",\"target\":{\"@type\":\"EntryPoint\",\"urlTemplate\":\"https:\\\/\\\/www.consilio-tax-law.nl\\\/?s={search_term_string}\"},\"query-input\":{\"@type\":\"PropertyValueSpecification\",\"valueRequired\":true,\"valueName\":\"search_term_string\"}}],\"inLanguage\":\"de\"},{\"@type\":\"Organization\",\"@id\":\"https:\\\/\\\/www.consilio-tax-law.nl\\\/#organization\",\"name\":\"Consilio Tax & Law\",\"url\":\"https:\\\/\\\/www.consilio-tax-law.nl\\\/\",\"logo\":{\"@type\":\"ImageObject\",\"inLanguage\":\"de\",\"@id\":\"https:\\\/\\\/www.consilio-tax-law.nl\\\/#\\\/schema\\\/logo\\\/image\\\/\",\"url\":\"https:\\\/\\\/www.consilio-tax-law.nl\\\/wp-content\\\/uploads\\\/2022\\\/10\\\/siteicon-wit.png\",\"contentUrl\":\"https:\\\/\\\/www.consilio-tax-law.nl\\\/wp-content\\\/uploads\\\/2022\\\/10\\\/siteicon-wit.png\",\"width\":107,\"height\":107,\"caption\":\"Consilio Tax & Law\"},\"image\":{\"@id\":\"https:\\\/\\\/www.consilio-tax-law.nl\\\/#\\\/schema\\\/logo\\\/image\\\/\"},\"sameAs\":[\"https:\\\/\\\/www.facebook.com\\\/consiliotaxandlaw\\\/\",\"https:\\\/\\\/www.linkedin.com\\\/company\\\/consilio-tax-law\\\/\"]}]}<\/script>\n<!-- \/ Yoast SEO plugin. -->","yoast_head_json":{"title":"Mediation - Consilio Tax &amp; Law","robots":{"index":"index","follow":"follow","max-snippet":"max-snippet:-1","max-image-preview":"max-image-preview:large","max-video-preview":"max-video-preview:-1"},"canonical":"https:\/\/www.consilio-tax-law.nl\/de\/mediation\/","og_locale":"de_DE","og_type":"article","og_title":"Mediation - Consilio Tax &amp; Law","og_description":"Consilio helpt je met mediation","og_url":"https:\/\/www.consilio-tax-law.nl\/de\/wp-json\/wp\/v2\/pages\/9336","og_site_name":"Consilio Tax &amp; Law","article_publisher":"https:\/\/www.facebook.com\/consiliotaxandlaw\/","article_modified_time":"2026-04-02T14:53:41+00:00","og_image":[{"width":1200,"height":800,"url":"https:\/\/www.consilio-tax-law.nl\/wp-content\/uploads\/2023\/02\/ConsilioMaastrichtdetails-18.jpg","type":"image\/jpeg"}],"twitter_card":"summary_large_image","twitter_misc":{"Gesch\u00e4tzte Lesezeit":"8\u00a0Minuten"},"schema":{"@context":"https:\/\/schema.org","@graph":[{"@type":"WebPage","@id":"https:\/\/www.consilio-tax-law.nl\/mediation\/","url":"https:\/\/www.consilio-tax-law.nl\/mediation\/","name":"Mediation - Consilio Tax &amp; Law","isPartOf":{"@id":"https:\/\/www.consilio-tax-law.nl\/#website"},"primaryImageOfPage":{"@id":"https:\/\/www.consilio-tax-law.nl\/mediation\/#primaryimage"},"image":{"@id":"https:\/\/www.consilio-tax-law.nl\/mediation\/#primaryimage"},"thumbnailUrl":"https:\/\/www.consilio-tax-law.nl\/wp-content\/uploads\/2023\/02\/ConsilioMaastrichtdetails-18.jpg","datePublished":"2023-10-02T13:23:00+00:00","dateModified":"2026-04-02T14:53:41+00:00","breadcrumb":{"@id":"https:\/\/www.consilio-tax-law.nl\/mediation\/#breadcrumb"},"inLanguage":"de","potentialAction":[{"@type":"ReadAction","target":["https:\/\/www.consilio-tax-law.nl\/mediation\/"]}]},{"@type":"ImageObject","inLanguage":"de","@id":"https:\/\/www.consilio-tax-law.nl\/mediation\/#primaryimage","url":"https:\/\/www.consilio-tax-law.nl\/wp-content\/uploads\/2023\/02\/ConsilioMaastrichtdetails-18.jpg","contentUrl":"https:\/\/www.consilio-tax-law.nl\/wp-content\/uploads\/2023\/02\/ConsilioMaastrichtdetails-18.jpg","width":1200,"height":800,"caption":"Consilio Maastricht"},{"@type":"BreadcrumbList","@id":"https:\/\/www.consilio-tax-law.nl\/mediation\/#breadcrumb","itemListElement":[{"@type":"ListItem","position":1,"name":"Home","item":"https:\/\/www.consilio-tax-law.nl\/"},{"@type":"ListItem","position":2,"name":"Mediation"}]},{"@type":"WebSite","@id":"https:\/\/www.consilio-tax-law.nl\/#website","url":"https:\/\/www.consilio-tax-law.nl\/","name":"Consilio Tax &amp; Law","description":"Steuer | Rechtliches | Finanziell | Verwaltung | Rat zahlen","publisher":{"@id":"https:\/\/www.consilio-tax-law.nl\/#organization"},"potentialAction":[{"@type":"SearchAction","target":{"@type":"EntryPoint","urlTemplate":"https:\/\/www.consilio-tax-law.nl\/?s={search_term_string}"},"query-input":{"@type":"PropertyValueSpecification","valueRequired":true,"valueName":"search_term_string"}}],"inLanguage":"de"},{"@type":"Organization","@id":"https:\/\/www.consilio-tax-law.nl\/#organization","name":"Consilio Tax &amp; Law","url":"https:\/\/www.consilio-tax-law.nl\/","logo":{"@type":"ImageObject","inLanguage":"de","@id":"https:\/\/www.consilio-tax-law.nl\/#\/schema\/logo\/image\/","url":"https:\/\/www.consilio-tax-law.nl\/wp-content\/uploads\/2022\/10\/siteicon-wit.png","contentUrl":"https:\/\/www.consilio-tax-law.nl\/wp-content\/uploads\/2022\/10\/siteicon-wit.png","width":107,"height":107,"caption":"Consilio Tax & Law"},"image":{"@id":"https:\/\/www.consilio-tax-law.nl\/#\/schema\/logo\/image\/"},"sameAs":["https:\/\/www.facebook.com\/consiliotaxandlaw\/","https:\/\/www.linkedin.com\/company\/consilio-tax-law\/"]}]}},"_links":{"self":[{"href":"https:\/\/www.consilio-tax-law.nl\/de\/wp-json\/wp\/v2\/pages\/9336","targetHints":{"allow":["GET"]}}],"collection":[{"href":"https:\/\/www.consilio-tax-law.nl\/de\/wp-json\/wp\/v2\/pages"}],"about":[{"href":"https:\/\/www.consilio-tax-law.nl\/de\/wp-json\/wp\/v2\/types\/page"}],"author":[{"embeddable":true,"href":"https:\/\/www.consilio-tax-law.nl\/de\/wp-json\/wp\/v2\/users\/1"}],"replies":[{"embeddable":true,"href":"https:\/\/www.consilio-tax-law.nl\/de\/wp-json\/wp\/v2\/comments?post=9336"}],"version-history":[{"count":24,"href":"https:\/\/www.consilio-tax-law.nl\/de\/wp-json\/wp\/v2\/pages\/9336\/revisions"}],"predecessor-version":[{"id":13315,"href":"https:\/\/www.consilio-tax-law.nl\/de\/wp-json\/wp\/v2\/pages\/9336\/revisions\/13315"}],"wp:featuredmedia":[{"embeddable":true,"href":"https:\/\/www.consilio-tax-law.nl\/de\/wp-json\/wp\/v2\/media\/9607"}],"wp:attachment":[{"href":"https:\/\/www.consilio-tax-law.nl\/de\/wp-json\/wp\/v2\/media?parent=9336"}],"wp:term":[{"taxonomy":"dipi_cpt_category","embeddable":true,"href":"https:\/\/www.consilio-tax-law.nl\/de\/wp-json\/wp\/v2\/dipi_cpt_category?post=9336"}],"curies":[{"name":"wp","href":"https:\/\/api.w.org\/{rel}","templated":true}]}}