{"id":9369,"date":"2023-02-08T15:32:26","date_gmt":"2023-02-08T15:32:26","guid":{"rendered":"https:\/\/consilio.tijdelijkdomein.eu\/?page_id=9369"},"modified":"2026-04-02T14:53:40","modified_gmt":"2026-04-02T14:53:40","slug":"kooperationen","status":"publish","type":"page","link":"https:\/\/www.consilio-tax-law.nl\/de\/samenwerkingen\/","title":{"rendered":"Kooperationen"},"content":{"rendered":"<div class=\"et_pb_section_0 et_pb_section et_section_regular et_block_section\"><div class=\"et_pb_row_0 et_pb_row et_block_row et_animated\"><div class=\"et_pb_column_0 et_pb_column et_pb_column_1_3 et_block_column et_pb_css_mix_blend_mode_passthrough\"><div class=\"et_pb_text_0 et_pb_text et_pb_bg_layout_light et_pb_module et_block_module preset--module--divi-text--c50c2382-0e89-40ca-a61f-399f9a5dfedc\"><div class=\"et_pb_text_inner\"><h2>Consilio Tax &amp; Law arbeitet mit Partnern der <span style=\"color: #91785b;\">Euregio<\/span>.<\/h2>\n<\/div><\/div><\/div><div class=\"et_pb_column_1 et_pb_column et_pb_column_1_3 et_block_column et_pb_css_mix_blend_mode_passthrough\"><div class=\"et_pb_text_1 et_pb_text et_pb_bg_layout_light et_pb_module et_block_module preset--module--divi-text--e31fff7c-2a3a-437c-aa57-4e4601b7f007\"><div class=\"et_pb_text_inner\"><h3>Certafin Genk<\/h3>\n<p>Consilio Tax &amp; Law arbeitet mit \u201eCertafin\u201c zusammen, einer Wirtschaftspr\u00fcfungsgesellschaft in Genk, Belgien. Certafin unterst\u00fctzt auf steuerlicher und finanzwirtschaftlicher Ebene. Consilio Tax &amp; Law ber\u00e4t seinen belgischen Partner bei Fragen internationaler Mandanten zur Gesch\u00e4ftst\u00e4tigkeit oder zum Leben und Arbeiten in Belgien.<\/p>\n<p>M\u00f6chten Sie mehr \u00fcber unseren belgischen Partner erfahren? Schauen Sie sie sich an <a href=\"https:\/\/www.certafin.be\/documents\/home.xml?lang=nl\" target=\"_blank\" rel=\"noopener\" title=\"Certafin-Website\">Webseite<\/a>.<\/p>\n<\/div><\/div><\/div><div class=\"et_pb_column_2 et_pb_column et_pb_column_1_3 et-last-child et_block_column et_pb_css_mix_blend_mode_passthrough\"><div class=\"et_pb_text_2 et_pb_text et_pb_bg_layout_light et_pb_module et_block_module preset--module--divi-text--e31fff7c-2a3a-437c-aa57-4e4601b7f007\"><div class=\"et_pb_text_inner\"><h3 style=\"text-align: left;\">Steuerberater J\u00f6rg Reimer in Aachen<\/h3>\n<p>Consilio Tax &amp; Law arbeitet mit den Spezialisten der Aachener Wirtschaftspr\u00fcfungsgesellschaft J\u00f6rg Reimer zusammen. Consilio ber\u00e4t seinen deutschen Partner bei Fragen von Kunden zur Gesch\u00e4ftst\u00e4tigkeit oder zum Leben und Arbeiten in Deutschland.<\/p>\n<p>M\u00f6chten Sie mehr \u00fcber unseren deutschen Partner erfahren? Schauen Sie sie sich an <a href=\"https:\/\/www.joergreimer.de\/\" target=\"_blank\" rel=\"noopener\" title=\"Website Steuerberater J\u00f6rg Reimer in Aachen\">Webseite<\/a>.<\/p>\n<\/div><\/div><div class=\"et_pb_text_3 et_pb_text et_pb_bg_layout_light et_pb_module et_block_module preset--module--divi-text--e31fff7c-2a3a-437c-aa57-4e4601b7f007\"><div class=\"et_pb_text_inner\"><h3>Peeters Legal Hasselt<\/h3>\n<p>Bei Rechtsfragen mit belgischem Bezug arbeitet Consilio Tax &amp; Law mit der belgischen Anwaltskanzlei Peeters Legal zusammen. Durch die Konsultation unseres Rechtspartners in Belgien wird ein Gesamtbild f\u00fcr grenz\u00fcberschreitende NL-BE-Angelegenheiten erstellt.<\/p>\n<p>M\u00f6chten Sie mehr \u00fcber unseren legalen belgischen Partner erfahren? Dann schau sie dir an <a href=\"https:\/\/peeters.legal\/\" target=\"_blank\" rel=\"noopener\" title=\"Webseite Peters Legal\">Webseite<\/a>.<\/p>\n<\/div><\/div><div class=\"et_pb_text_4 et_pb_text et_pb_bg_layout_light et_pb_module et_block_module preset--module--divi-text--e31fff7c-2a3a-437c-aa57-4e4601b7f007\"><div class=\"et_pb_text_inner\"><h3 style=\"text-align: left;\">Notariat Piek Maastricht<\/h3>\n<p>Consilio Tax &amp; Law arbeitet mit Notariskantoor Piek im Zusammenhang mit der Gr\u00fcndung von juristischen Personen, der Erstellung notarieller Urkunden, der Erstellung von Patientenverf\u00fcgungen, der Erstellung von Schenkungsurkunden usw. zusammen. Weitere Informationen \u00fcber Notariskantoor Piek finden Sie unter deren <a href=\"https:\/\/notarispiek.nl\/\" target=\"_blank\" rel=\"noopener\" title=\"Webseite Notariat Piek\">Webseite<\/a>.<\/p>\n<\/div><\/div><div class=\"et_pb_text_5 et_pb_text et_pb_bg_layout_light et_pb_module et_block_module preset--module--divi-text--e31fff7c-2a3a-437c-aa57-4e4601b7f007\"><div class=\"et_pb_text_inner\"><h3 style=\"text-align: left;\">Souver\u00e4n und Credion Maastricht<\/h3>\n<p>Consilio Tax &amp; Law arbeitet mit dem Soverein IFS im Zusammenhang mit dem Abschluss (bzw. der Beratung zu) Finanzierungen f\u00fcr Privatpersonen und Unternehmer zusammen. Soeverein IFS ist spezialisiert auf Finanzierungen in Belgien.<\/p>\n<p>M\u00f6chten Sie mehr \u00fcber Sovereign IFS erfahren? Schauen Sie sie sich an <a href=\"https:\/\/soeverein-ifs.eu\/naar-belgie\/\" title=\"Website Souver\u00e4n\" target=\"_blank\" rel=\"noopener\">Webseite<\/a>.<\/p>\n<p>Consilio Tax &amp; Law arbeitet mit Credion bei der Unternehmens- und Immobilienfinanzierung zusammen. Weitere Informationen \u00fcber Credion finden Sie unter deren <a href=\"https:\/\/www.credion.nl\/?gclid=Cj0KCQiAt66eBhCnARIsAKf3ZNHxn04xcey5iLnt_jIRH9zRTIm_ynu8qkm_LGWppX4ihy5VENBSWJ0aApsJEALw_wcB\" target=\"_blank\" rel=\"noopener\" title=\"Credion-Website\">Webseite<\/a>.<\/p>\n<\/div><\/div><\/div><\/div><\/div>","protected":false},"excerpt":{"rendered":"<p>St\u00e4rker mit guten Partnern<\/p>","protected":false},"author":1,"featured_media":9285,"parent":0,"menu_order":3,"comment_status":"closed","ping_status":"closed","template":"","meta":{"_acf_changed":false,"footnotes":""},"dipi_cpt_category":[],"class_list":["post-9369","page","type-page","status-publish","has-post-thumbnail","hentry"],"acf":[],"yoast_head":"<!-- This site is optimized with the Yoast SEO plugin v27.3 - https:\/\/yoast.com\/product\/yoast-seo-wordpress\/ -->\n<title>Samenwerkingen - Consilio Tax &amp; Law<\/title>\n<meta name=\"robots\" content=\"index, follow, max-snippet:-1, max-image-preview:large, max-video-preview:-1\" \/>\n<link rel=\"canonical\" href=\"https:\/\/www.consilio-tax-law.nl\/de\/kooperationen\/\" \/>\n<meta property=\"og:locale\" content=\"de_DE\" \/>\n<meta property=\"og:type\" content=\"article\" \/>\n<meta property=\"og:title\" content=\"Samenwerkingen - Consilio Tax &amp; Law\" \/>\n<meta property=\"og:description\" content=\"Sterker met goede partners\" \/>\n<meta property=\"og:url\" content=\"https:\/\/www.consilio-tax-law.nl\/de\/wp-json\/wp\/v2\/pages\/9369\" \/>\n<meta property=\"og:site_name\" content=\"Consilio Tax &amp; Law\" \/>\n<meta property=\"article:publisher\" content=\"https:\/\/www.facebook.com\/consiliotaxandlaw\/\" \/>\n<meta property=\"article:modified_time\" content=\"2026-04-02T14:53:40+00:00\" \/>\n<meta property=\"og:image\" content=\"https:\/\/www.consilio-tax-law.nl\/wp-content\/uploads\/2023\/02\/ConsilioMaastrichtinterieur-1.jpg\" \/>\n\t<meta property=\"og:image:width\" content=\"1200\" \/>\n\t<meta property=\"og:image:height\" content=\"800\" \/>\n\t<meta property=\"og:image:type\" content=\"image\/jpeg\" \/>\n<meta name=\"twitter:card\" content=\"summary_large_image\" \/>\n<meta name=\"twitter:label1\" content=\"Gesch\u00e4tzte Lesezeit\" \/>\n\t<meta name=\"twitter:data1\" content=\"3\u00a0Minuten\" \/>\n<script type=\"application\/ld+json\" class=\"yoast-schema-graph\">{\"@context\":\"https:\\\/\\\/schema.org\",\"@graph\":[{\"@type\":\"WebPage\",\"@id\":\"https:\\\/\\\/www.consilio-tax-law.nl\\\/samenwerkingen\\\/\",\"url\":\"https:\\\/\\\/www.consilio-tax-law.nl\\\/samenwerkingen\\\/\",\"name\":\"Samenwerkingen - Consilio Tax &amp; Law\",\"isPartOf\":{\"@id\":\"https:\\\/\\\/www.consilio-tax-law.nl\\\/#website\"},\"primaryImageOfPage\":{\"@id\":\"https:\\\/\\\/www.consilio-tax-law.nl\\\/samenwerkingen\\\/#primaryimage\"},\"image\":{\"@id\":\"https:\\\/\\\/www.consilio-tax-law.nl\\\/samenwerkingen\\\/#primaryimage\"},\"thumbnailUrl\":\"https:\\\/\\\/www.consilio-tax-law.nl\\\/wp-content\\\/uploads\\\/2023\\\/02\\\/ConsilioMaastrichtinterieur-1.jpg\",\"datePublished\":\"2023-02-08T15:32:26+00:00\",\"dateModified\":\"2026-04-02T14:53:40+00:00\",\"breadcrumb\":{\"@id\":\"https:\\\/\\\/www.consilio-tax-law.nl\\\/samenwerkingen\\\/#breadcrumb\"},\"inLanguage\":\"de\",\"potentialAction\":[{\"@type\":\"ReadAction\",\"target\":[\"https:\\\/\\\/www.consilio-tax-law.nl\\\/samenwerkingen\\\/\"]}]},{\"@type\":\"ImageObject\",\"inLanguage\":\"de\",\"@id\":\"https:\\\/\\\/www.consilio-tax-law.nl\\\/samenwerkingen\\\/#primaryimage\",\"url\":\"https:\\\/\\\/www.consilio-tax-law.nl\\\/wp-content\\\/uploads\\\/2023\\\/02\\\/ConsilioMaastrichtinterieur-1.jpg\",\"contentUrl\":\"https:\\\/\\\/www.consilio-tax-law.nl\\\/wp-content\\\/uploads\\\/2023\\\/02\\\/ConsilioMaastrichtinterieur-1.jpg\",\"width\":1200,\"height\":800,\"caption\":\"Consilio Maastricht\"},{\"@type\":\"BreadcrumbList\",\"@id\":\"https:\\\/\\\/www.consilio-tax-law.nl\\\/samenwerkingen\\\/#breadcrumb\",\"itemListElement\":[{\"@type\":\"ListItem\",\"position\":1,\"name\":\"Home\",\"item\":\"https:\\\/\\\/www.consilio-tax-law.nl\\\/\"},{\"@type\":\"ListItem\",\"position\":2,\"name\":\"Samenwerkingen\"}]},{\"@type\":\"WebSite\",\"@id\":\"https:\\\/\\\/www.consilio-tax-law.nl\\\/#website\",\"url\":\"https:\\\/\\\/www.consilio-tax-law.nl\\\/\",\"name\":\"Consilio Tax &amp; Law\",\"description\":\"Fiscaal | Juridisch | Financieel | Administratief | Loonadvies\",\"publisher\":{\"@id\":\"https:\\\/\\\/www.consilio-tax-law.nl\\\/#organization\"},\"potentialAction\":[{\"@type\":\"SearchAction\",\"target\":{\"@type\":\"EntryPoint\",\"urlTemplate\":\"https:\\\/\\\/www.consilio-tax-law.nl\\\/?s={search_term_string}\"},\"query-input\":{\"@type\":\"PropertyValueSpecification\",\"valueRequired\":true,\"valueName\":\"search_term_string\"}}],\"inLanguage\":\"de\"},{\"@type\":\"Organization\",\"@id\":\"https:\\\/\\\/www.consilio-tax-law.nl\\\/#organization\",\"name\":\"Consilio Tax & Law\",\"url\":\"https:\\\/\\\/www.consilio-tax-law.nl\\\/\",\"logo\":{\"@type\":\"ImageObject\",\"inLanguage\":\"de\",\"@id\":\"https:\\\/\\\/www.consilio-tax-law.nl\\\/#\\\/schema\\\/logo\\\/image\\\/\",\"url\":\"https:\\\/\\\/www.consilio-tax-law.nl\\\/wp-content\\\/uploads\\\/2022\\\/10\\\/siteicon-wit.png\",\"contentUrl\":\"https:\\\/\\\/www.consilio-tax-law.nl\\\/wp-content\\\/uploads\\\/2022\\\/10\\\/siteicon-wit.png\",\"width\":107,\"height\":107,\"caption\":\"Consilio Tax & Law\"},\"image\":{\"@id\":\"https:\\\/\\\/www.consilio-tax-law.nl\\\/#\\\/schema\\\/logo\\\/image\\\/\"},\"sameAs\":[\"https:\\\/\\\/www.facebook.com\\\/consiliotaxandlaw\\\/\",\"https:\\\/\\\/www.linkedin.com\\\/company\\\/consilio-tax-law\\\/\"]}]}<\/script>\n<!-- \/ Yoast SEO plugin. -->","yoast_head_json":{"title":"Samenwerkingen - Consilio Tax &amp; Law","robots":{"index":"index","follow":"follow","max-snippet":"max-snippet:-1","max-image-preview":"max-image-preview:large","max-video-preview":"max-video-preview:-1"},"canonical":"https:\/\/www.consilio-tax-law.nl\/de\/kooperationen\/","og_locale":"de_DE","og_type":"article","og_title":"Samenwerkingen - Consilio Tax &amp; Law","og_description":"Sterker met goede partners","og_url":"https:\/\/www.consilio-tax-law.nl\/de\/wp-json\/wp\/v2\/pages\/9369","og_site_name":"Consilio Tax &amp; Law","article_publisher":"https:\/\/www.facebook.com\/consiliotaxandlaw\/","article_modified_time":"2026-04-02T14:53:40+00:00","og_image":[{"width":1200,"height":800,"url":"https:\/\/www.consilio-tax-law.nl\/wp-content\/uploads\/2023\/02\/ConsilioMaastrichtinterieur-1.jpg","type":"image\/jpeg"}],"twitter_card":"summary_large_image","twitter_misc":{"Gesch\u00e4tzte Lesezeit":"3\u00a0Minuten"},"schema":{"@context":"https:\/\/schema.org","@graph":[{"@type":"WebPage","@id":"https:\/\/www.consilio-tax-law.nl\/samenwerkingen\/","url":"https:\/\/www.consilio-tax-law.nl\/samenwerkingen\/","name":"Samenwerkingen - Consilio Tax &amp; Law","isPartOf":{"@id":"https:\/\/www.consilio-tax-law.nl\/#website"},"primaryImageOfPage":{"@id":"https:\/\/www.consilio-tax-law.nl\/samenwerkingen\/#primaryimage"},"image":{"@id":"https:\/\/www.consilio-tax-law.nl\/samenwerkingen\/#primaryimage"},"thumbnailUrl":"https:\/\/www.consilio-tax-law.nl\/wp-content\/uploads\/2023\/02\/ConsilioMaastrichtinterieur-1.jpg","datePublished":"2023-02-08T15:32:26+00:00","dateModified":"2026-04-02T14:53:40+00:00","breadcrumb":{"@id":"https:\/\/www.consilio-tax-law.nl\/samenwerkingen\/#breadcrumb"},"inLanguage":"de","potentialAction":[{"@type":"ReadAction","target":["https:\/\/www.consilio-tax-law.nl\/samenwerkingen\/"]}]},{"@type":"ImageObject","inLanguage":"de","@id":"https:\/\/www.consilio-tax-law.nl\/samenwerkingen\/#primaryimage","url":"https:\/\/www.consilio-tax-law.nl\/wp-content\/uploads\/2023\/02\/ConsilioMaastrichtinterieur-1.jpg","contentUrl":"https:\/\/www.consilio-tax-law.nl\/wp-content\/uploads\/2023\/02\/ConsilioMaastrichtinterieur-1.jpg","width":1200,"height":800,"caption":"Consilio Maastricht"},{"@type":"BreadcrumbList","@id":"https:\/\/www.consilio-tax-law.nl\/samenwerkingen\/#breadcrumb","itemListElement":[{"@type":"ListItem","position":1,"name":"Home","item":"https:\/\/www.consilio-tax-law.nl\/"},{"@type":"ListItem","position":2,"name":"Samenwerkingen"}]},{"@type":"WebSite","@id":"https:\/\/www.consilio-tax-law.nl\/#website","url":"https:\/\/www.consilio-tax-law.nl\/","name":"Consilio Tax &amp; Law","description":"Steuer | Rechtliches | Finanziell | Verwaltung | Rat zahlen","publisher":{"@id":"https:\/\/www.consilio-tax-law.nl\/#organization"},"potentialAction":[{"@type":"SearchAction","target":{"@type":"EntryPoint","urlTemplate":"https:\/\/www.consilio-tax-law.nl\/?s={search_term_string}"},"query-input":{"@type":"PropertyValueSpecification","valueRequired":true,"valueName":"search_term_string"}}],"inLanguage":"de"},{"@type":"Organization","@id":"https:\/\/www.consilio-tax-law.nl\/#organization","name":"Consilio Tax &amp; Law","url":"https:\/\/www.consilio-tax-law.nl\/","logo":{"@type":"ImageObject","inLanguage":"de","@id":"https:\/\/www.consilio-tax-law.nl\/#\/schema\/logo\/image\/","url":"https:\/\/www.consilio-tax-law.nl\/wp-content\/uploads\/2022\/10\/siteicon-wit.png","contentUrl":"https:\/\/www.consilio-tax-law.nl\/wp-content\/uploads\/2022\/10\/siteicon-wit.png","width":107,"height":107,"caption":"Consilio Tax & Law"},"image":{"@id":"https:\/\/www.consilio-tax-law.nl\/#\/schema\/logo\/image\/"},"sameAs":["https:\/\/www.facebook.com\/consiliotaxandlaw\/","https:\/\/www.linkedin.com\/company\/consilio-tax-law\/"]}]}},"_links":{"self":[{"href":"https:\/\/www.consilio-tax-law.nl\/de\/wp-json\/wp\/v2\/pages\/9369","targetHints":{"allow":["GET"]}}],"collection":[{"href":"https:\/\/www.consilio-tax-law.nl\/de\/wp-json\/wp\/v2\/pages"}],"about":[{"href":"https:\/\/www.consilio-tax-law.nl\/de\/wp-json\/wp\/v2\/types\/page"}],"author":[{"embeddable":true,"href":"https:\/\/www.consilio-tax-law.nl\/de\/wp-json\/wp\/v2\/users\/1"}],"replies":[{"embeddable":true,"href":"https:\/\/www.consilio-tax-law.nl\/de\/wp-json\/wp\/v2\/comments?post=9369"}],"version-history":[{"count":16,"href":"https:\/\/www.consilio-tax-law.nl\/de\/wp-json\/wp\/v2\/pages\/9369\/revisions"}],"predecessor-version":[{"id":13310,"href":"https:\/\/www.consilio-tax-law.nl\/de\/wp-json\/wp\/v2\/pages\/9369\/revisions\/13310"}],"wp:featuredmedia":[{"embeddable":true,"href":"https:\/\/www.consilio-tax-law.nl\/de\/wp-json\/wp\/v2\/media\/9285"}],"wp:attachment":[{"href":"https:\/\/www.consilio-tax-law.nl\/de\/wp-json\/wp\/v2\/media?parent=9369"}],"wp:term":[{"taxonomy":"dipi_cpt_category","embeddable":true,"href":"https:\/\/www.consilio-tax-law.nl\/de\/wp-json\/wp\/v2\/dipi_cpt_category?post=9369"}],"curies":[{"name":"wp","href":"https:\/\/api.w.org\/{rel}","templated":true}]}}